{"id":2095,"date":"2025-04-07T19:45:48","date_gmt":"2025-04-07T17:45:48","guid":{"rendered":"https:\/\/carviewxclusive.uwsitedevelopment.nl\/showroom\/"},"modified":"2026-03-13T15:36:41","modified_gmt":"2026-03-13T14:36:41","slug":"showroom","status":"publish","type":"page","link":"https:\/\/carviewxclusive.uwsitedevelopment.nl\/de\/showroom\/","title":{"rendered":"Showroom"},"content":{"rendered":"<p>Wir legen Wert darauf, dass wir uns bei Ihrem Besuch in unserem Showroom in Ouddorp ausreichend Zeit f\u00fcr Sie nehmen. Daher sind Besuche nur nach vorheriger Terminvereinbarung m\u00f6glich. Sie k\u00f6nnen telefonisch einen Termin vereinbaren.<\/p>\n","protected":false},"excerpt":{"rendered":"Wir legen Wert darauf, dass wir uns bei Ihrem Besuch in unserem Showroom in Ouddorp ausreichend Zeit f\u00fcr Sie nehmen. Daher sind Besuche nur nach vorheriger Terminvereinbarung m\u00f6glich. Sie k\u00f6nnen telefonisch einen Termin vereinbaren.","protected":false},"author":1,"featured_media":2089,"parent":0,"menu_order":0,"comment_status":"closed","ping_status":"closed","template":"template-contact.php","meta":{"_acf_changed":false,"footnotes":""},"class_list":["post-2095","page","type-page","status-publish","has-post-thumbnail","hentry"],"acf":[],"yoast_head":"<!-- This site is optimized with the Yoast SEO plugin v27.1.1 - https:\/\/yoast.com\/product\/yoast-seo-wordpress\/ -->\n<title>Showroom - CarviewXclusive<\/title>\n<meta name=\"robots\" content=\"noindex, follow, max-snippet:-1, max-image-preview:large, max-video-preview:-1\" \/>\n<meta property=\"og:locale\" content=\"de_DE\" \/>\n<meta property=\"og:type\" content=\"article\" \/>\n<meta property=\"og:title\" content=\"Showroom - CarviewXclusive\" \/>\n<meta property=\"og:description\" content=\"Wir legen Wert darauf, dass wir uns bei Ihrem Besuch in unserem Showroom in Ouddorp ausreichend Zeit f\u00fcr Sie nehmen. Daher sind Besuche nur nach vorheriger Terminvereinbarung m\u00f6glich. Sie k\u00f6nnen telefonisch einen Termin vereinbaren.\" \/>\n<meta property=\"og:url\" content=\"https:\/\/carviewxclusive.uwsitedevelopment.nl\/de\/showroom\/\" \/>\n<meta property=\"og:site_name\" content=\"CarviewXclusive\" \/>\n<meta property=\"article:modified_time\" content=\"2026-03-13T14:36:41+00:00\" \/>\n<meta property=\"og:image\" content=\"https:\/\/carviewxclusive.uwsitedevelopment.nl\/wp-content\/uploads\/2025\/06\/Collectable911s.jpg\" \/>\n\t<meta property=\"og:image:width\" content=\"1500\" \/>\n\t<meta property=\"og:image:height\" content=\"2250\" \/>\n\t<meta property=\"og:image:type\" content=\"image\/jpeg\" \/>\n<meta name=\"twitter:card\" content=\"summary_large_image\" \/>\n<meta name=\"twitter:label1\" content=\"Gesch\u00e4tzte Lesezeit\" \/>\n\t<meta name=\"twitter:data1\" content=\"1\u00a0Minute\" \/>\n<script type=\"application\/ld+json\" class=\"yoast-schema-graph\">{\"@context\":\"https:\/\/schema.org\",\"@graph\":[{\"@type\":\"WebPage\",\"@id\":\"https:\/\/carviewxclusive.uwsitedevelopment.nl\/de\/showroom\/\",\"url\":\"https:\/\/carviewxclusive.uwsitedevelopment.nl\/de\/showroom\/\",\"name\":\"Showroom - CarviewXclusive\",\"isPartOf\":{\"@id\":\"https:\/\/carviewxclusive.uwsitedevelopment.nl\/de\/#website\"},\"primaryImageOfPage\":{\"@id\":\"https:\/\/carviewxclusive.uwsitedevelopment.nl\/de\/showroom\/#primaryimage\"},\"image\":{\"@id\":\"https:\/\/carviewxclusive.uwsitedevelopment.nl\/de\/showroom\/#primaryimage\"},\"thumbnailUrl\":\"https:\/\/carviewxclusive.uwsitedevelopment.nl\/wp-content\/uploads\/2025\/06\/Collectable911s.jpg\",\"datePublished\":\"2025-04-07T17:45:48+00:00\",\"dateModified\":\"2026-03-13T14:36:41+00:00\",\"breadcrumb\":{\"@id\":\"https:\/\/carviewxclusive.uwsitedevelopment.nl\/de\/showroom\/#breadcrumb\"},\"inLanguage\":\"de\",\"potentialAction\":[{\"@type\":\"ReadAction\",\"target\":[\"https:\/\/carviewxclusive.uwsitedevelopment.nl\/de\/showroom\/\"]}]},{\"@type\":\"ImageObject\",\"inLanguage\":\"de\",\"@id\":\"https:\/\/carviewxclusive.uwsitedevelopment.nl\/de\/showroom\/#primaryimage\",\"url\":\"https:\/\/carviewxclusive.uwsitedevelopment.nl\/wp-content\/uploads\/2025\/06\/Collectable911s.jpg\",\"contentUrl\":\"https:\/\/carviewxclusive.uwsitedevelopment.nl\/wp-content\/uploads\/2025\/06\/Collectable911s.jpg\",\"width\":1500,\"height\":2250},{\"@type\":\"BreadcrumbList\",\"@id\":\"https:\/\/carviewxclusive.uwsitedevelopment.nl\/de\/showroom\/#breadcrumb\",\"itemListElement\":[{\"@type\":\"ListItem\",\"position\":1,\"name\":\"Home\",\"item\":\"https:\/\/carviewxclusive.uwsitedevelopment.nl\/de\/\"},{\"@type\":\"ListItem\",\"position\":2,\"name\":\"Showroom\"}]},{\"@type\":\"WebSite\",\"@id\":\"https:\/\/carviewxclusive.uwsitedevelopment.nl\/de\/#website\",\"url\":\"https:\/\/carviewxclusive.uwsitedevelopment.nl\/de\/\",\"name\":\"CarviewXclusive\",\"description\":\"Exceptional cars\",\"potentialAction\":[{\"@type\":\"SearchAction\",\"target\":{\"@type\":\"EntryPoint\",\"urlTemplate\":\"https:\/\/carviewxclusive.uwsitedevelopment.nl\/de\/?s={search_term_string}\"},\"query-input\":{\"@type\":\"PropertyValueSpecification\",\"valueRequired\":true,\"valueName\":\"search_term_string\"}}],\"inLanguage\":\"de\"}]}<\/script>\n<!-- \/ Yoast SEO plugin. -->","yoast_head_json":{"title":"Showroom - CarviewXclusive","robots":{"index":"noindex","follow":"follow","max-snippet":"max-snippet:-1","max-image-preview":"max-image-preview:large","max-video-preview":"max-video-preview:-1"},"og_locale":"de_DE","og_type":"article","og_title":"Showroom - CarviewXclusive","og_description":"Wir legen Wert darauf, dass wir uns bei Ihrem Besuch in unserem Showroom in Ouddorp ausreichend Zeit f\u00fcr Sie nehmen. Daher sind Besuche nur nach vorheriger Terminvereinbarung m\u00f6glich. Sie k\u00f6nnen telefonisch einen Termin vereinbaren.","og_url":"https:\/\/carviewxclusive.uwsitedevelopment.nl\/de\/showroom\/","og_site_name":"CarviewXclusive","article_modified_time":"2026-03-13T14:36:41+00:00","og_image":[{"width":1500,"height":2250,"url":"https:\/\/carviewxclusive.uwsitedevelopment.nl\/wp-content\/uploads\/2025\/06\/Collectable911s.jpg","type":"image\/jpeg"}],"twitter_card":"summary_large_image","twitter_misc":{"Gesch\u00e4tzte Lesezeit":"1\u00a0Minute"},"schema":{"@context":"https:\/\/schema.org","@graph":[{"@type":"WebPage","@id":"https:\/\/carviewxclusive.uwsitedevelopment.nl\/de\/showroom\/","url":"https:\/\/carviewxclusive.uwsitedevelopment.nl\/de\/showroom\/","name":"Showroom - CarviewXclusive","isPartOf":{"@id":"https:\/\/carviewxclusive.uwsitedevelopment.nl\/de\/#website"},"primaryImageOfPage":{"@id":"https:\/\/carviewxclusive.uwsitedevelopment.nl\/de\/showroom\/#primaryimage"},"image":{"@id":"https:\/\/carviewxclusive.uwsitedevelopment.nl\/de\/showroom\/#primaryimage"},"thumbnailUrl":"https:\/\/carviewxclusive.uwsitedevelopment.nl\/wp-content\/uploads\/2025\/06\/Collectable911s.jpg","datePublished":"2025-04-07T17:45:48+00:00","dateModified":"2026-03-13T14:36:41+00:00","breadcrumb":{"@id":"https:\/\/carviewxclusive.uwsitedevelopment.nl\/de\/showroom\/#breadcrumb"},"inLanguage":"de","potentialAction":[{"@type":"ReadAction","target":["https:\/\/carviewxclusive.uwsitedevelopment.nl\/de\/showroom\/"]}]},{"@type":"ImageObject","inLanguage":"de","@id":"https:\/\/carviewxclusive.uwsitedevelopment.nl\/de\/showroom\/#primaryimage","url":"https:\/\/carviewxclusive.uwsitedevelopment.nl\/wp-content\/uploads\/2025\/06\/Collectable911s.jpg","contentUrl":"https:\/\/carviewxclusive.uwsitedevelopment.nl\/wp-content\/uploads\/2025\/06\/Collectable911s.jpg","width":1500,"height":2250},{"@type":"BreadcrumbList","@id":"https:\/\/carviewxclusive.uwsitedevelopment.nl\/de\/showroom\/#breadcrumb","itemListElement":[{"@type":"ListItem","position":1,"name":"Home","item":"https:\/\/carviewxclusive.uwsitedevelopment.nl\/de\/"},{"@type":"ListItem","position":2,"name":"Showroom"}]},{"@type":"WebSite","@id":"https:\/\/carviewxclusive.uwsitedevelopment.nl\/de\/#website","url":"https:\/\/carviewxclusive.uwsitedevelopment.nl\/de\/","name":"CarviewXclusive","description":"Exceptional cars","potentialAction":[{"@type":"SearchAction","target":{"@type":"EntryPoint","urlTemplate":"https:\/\/carviewxclusive.uwsitedevelopment.nl\/de\/?s={search_term_string}"},"query-input":{"@type":"PropertyValueSpecification","valueRequired":true,"valueName":"search_term_string"}}],"inLanguage":"de"}]}},"_links":{"self":[{"href":"https:\/\/carviewxclusive.uwsitedevelopment.nl\/de\/wp-json\/wp\/v2\/pages\/2095","targetHints":{"allow":["GET"]}}],"collection":[{"href":"https:\/\/carviewxclusive.uwsitedevelopment.nl\/de\/wp-json\/wp\/v2\/pages"}],"about":[{"href":"https:\/\/carviewxclusive.uwsitedevelopment.nl\/de\/wp-json\/wp\/v2\/types\/page"}],"author":[{"embeddable":true,"href":"https:\/\/carviewxclusive.uwsitedevelopment.nl\/de\/wp-json\/wp\/v2\/users\/1"}],"replies":[{"embeddable":true,"href":"https:\/\/carviewxclusive.uwsitedevelopment.nl\/de\/wp-json\/wp\/v2\/comments?post=2095"}],"version-history":[{"count":2,"href":"https:\/\/carviewxclusive.uwsitedevelopment.nl\/de\/wp-json\/wp\/v2\/pages\/2095\/revisions"}],"predecessor-version":[{"id":2162,"href":"https:\/\/carviewxclusive.uwsitedevelopment.nl\/de\/wp-json\/wp\/v2\/pages\/2095\/revisions\/2162"}],"wp:featuredmedia":[{"embeddable":true,"href":"https:\/\/carviewxclusive.uwsitedevelopment.nl\/de\/wp-json\/wp\/v2\/media\/2089"}],"wp:attachment":[{"href":"https:\/\/carviewxclusive.uwsitedevelopment.nl\/de\/wp-json\/wp\/v2\/media?parent=2095"}],"curies":[{"name":"wp","href":"https:\/\/api.w.org\/{rel}","templated":true}]}}