{"id":2101,"date":"2025-04-04T20:48:00","date_gmt":"2025-04-04T18:48:00","guid":{"rendered":"https:\/\/carviewxclusive.uwsitedevelopment.nl\/algemene-voorwaarden\/"},"modified":"2026-03-13T14:44:59","modified_gmt":"2026-03-13T13:44:59","slug":"datenschutzerklarung","status":"publish","type":"page","link":"https:\/\/carviewxclusive.uwsitedevelopment.nl\/de\/datenschutzerklarung\/","title":{"rendered":"Datenschutzerkl\u00e4rung"},"content":{"rendered":"<p>F\u00fcr alle unsere Lieferungen und Dienstleistungen gelten die Allgemeinen Gesch\u00e4ftsbedingungen von CarviewXclusive.<\/p>\n","protected":false},"excerpt":{"rendered":"F\u00fcr alle unsere Lieferungen und Dienstleistungen gelten die Allgemeinen Gesch\u00e4ftsbedingungen von CarviewXclusive.","protected":false},"author":1,"featured_media":0,"parent":0,"menu_order":0,"comment_status":"closed","ping_status":"open","template":"","meta":{"_acf_changed":false,"footnotes":""},"class_list":["post-2101","page","type-page","status-publish","hentry"],"acf":[],"yoast_head":"<!-- This site is optimized with the Yoast SEO plugin v27.1.1 - https:\/\/yoast.com\/product\/yoast-seo-wordpress\/ -->\n<title>Datenschutzerkl\u00e4rung - CarviewXclusive<\/title>\n<meta name=\"robots\" content=\"noindex, follow, max-snippet:-1, max-image-preview:large, max-video-preview:-1\" \/>\n<meta property=\"og:locale\" content=\"de_DE\" \/>\n<meta property=\"og:type\" content=\"article\" \/>\n<meta property=\"og:title\" content=\"Datenschutzerkl\u00e4rung - CarviewXclusive\" \/>\n<meta property=\"og:description\" content=\"F\u00fcr alle unsere Lieferungen und Dienstleistungen gelten die Allgemeinen Gesch\u00e4ftsbedingungen von CarviewXclusive.\" \/>\n<meta property=\"og:url\" content=\"https:\/\/carviewxclusive.uwsitedevelopment.nl\/de\/datenschutzerklarung\/\" \/>\n<meta property=\"og:site_name\" content=\"CarviewXclusive\" \/>\n<meta property=\"article:modified_time\" content=\"2026-03-13T13:44:59+00:00\" \/>\n<meta name=\"twitter:card\" content=\"summary_large_image\" \/>\n<meta name=\"twitter:label1\" content=\"Gesch\u00e4tzte Lesezeit\" \/>\n\t<meta name=\"twitter:data1\" content=\"1\u00a0Minute\" \/>\n<script type=\"application\/ld+json\" class=\"yoast-schema-graph\">{\"@context\":\"https:\/\/schema.org\",\"@graph\":[{\"@type\":\"WebPage\",\"@id\":\"https:\/\/carviewxclusive.uwsitedevelopment.nl\/de\/datenschutzerklarung\/\",\"url\":\"https:\/\/carviewxclusive.uwsitedevelopment.nl\/de\/datenschutzerklarung\/\",\"name\":\"Datenschutzerkl\u00e4rung - CarviewXclusive\",\"isPartOf\":{\"@id\":\"https:\/\/carviewxclusive.uwsitedevelopment.nl\/de\/#website\"},\"datePublished\":\"2025-04-04T18:48:00+00:00\",\"dateModified\":\"2026-03-13T13:44:59+00:00\",\"breadcrumb\":{\"@id\":\"https:\/\/carviewxclusive.uwsitedevelopment.nl\/de\/datenschutzerklarung\/#breadcrumb\"},\"inLanguage\":\"de\",\"potentialAction\":[{\"@type\":\"ReadAction\",\"target\":[\"https:\/\/carviewxclusive.uwsitedevelopment.nl\/de\/datenschutzerklarung\/\"]}]},{\"@type\":\"BreadcrumbList\",\"@id\":\"https:\/\/carviewxclusive.uwsitedevelopment.nl\/de\/datenschutzerklarung\/#breadcrumb\",\"itemListElement\":[{\"@type\":\"ListItem\",\"position\":1,\"name\":\"Home\",\"item\":\"https:\/\/carviewxclusive.uwsitedevelopment.nl\/de\/\"},{\"@type\":\"ListItem\",\"position\":2,\"name\":\"Datenschutzerkl\u00e4rung\"}]},{\"@type\":\"WebSite\",\"@id\":\"https:\/\/carviewxclusive.uwsitedevelopment.nl\/de\/#website\",\"url\":\"https:\/\/carviewxclusive.uwsitedevelopment.nl\/de\/\",\"name\":\"CarviewXclusive\",\"description\":\"Exceptional cars\",\"potentialAction\":[{\"@type\":\"SearchAction\",\"target\":{\"@type\":\"EntryPoint\",\"urlTemplate\":\"https:\/\/carviewxclusive.uwsitedevelopment.nl\/de\/?s={search_term_string}\"},\"query-input\":{\"@type\":\"PropertyValueSpecification\",\"valueRequired\":true,\"valueName\":\"search_term_string\"}}],\"inLanguage\":\"de\"}]}<\/script>\n<!-- \/ Yoast SEO plugin. -->","yoast_head_json":{"title":"Datenschutzerkl\u00e4rung - CarviewXclusive","robots":{"index":"noindex","follow":"follow","max-snippet":"max-snippet:-1","max-image-preview":"max-image-preview:large","max-video-preview":"max-video-preview:-1"},"og_locale":"de_DE","og_type":"article","og_title":"Datenschutzerkl\u00e4rung - CarviewXclusive","og_description":"F\u00fcr alle unsere Lieferungen und Dienstleistungen gelten die Allgemeinen Gesch\u00e4ftsbedingungen von CarviewXclusive.","og_url":"https:\/\/carviewxclusive.uwsitedevelopment.nl\/de\/datenschutzerklarung\/","og_site_name":"CarviewXclusive","article_modified_time":"2026-03-13T13:44:59+00:00","twitter_card":"summary_large_image","twitter_misc":{"Gesch\u00e4tzte Lesezeit":"1\u00a0Minute"},"schema":{"@context":"https:\/\/schema.org","@graph":[{"@type":"WebPage","@id":"https:\/\/carviewxclusive.uwsitedevelopment.nl\/de\/datenschutzerklarung\/","url":"https:\/\/carviewxclusive.uwsitedevelopment.nl\/de\/datenschutzerklarung\/","name":"Datenschutzerkl\u00e4rung - CarviewXclusive","isPartOf":{"@id":"https:\/\/carviewxclusive.uwsitedevelopment.nl\/de\/#website"},"datePublished":"2025-04-04T18:48:00+00:00","dateModified":"2026-03-13T13:44:59+00:00","breadcrumb":{"@id":"https:\/\/carviewxclusive.uwsitedevelopment.nl\/de\/datenschutzerklarung\/#breadcrumb"},"inLanguage":"de","potentialAction":[{"@type":"ReadAction","target":["https:\/\/carviewxclusive.uwsitedevelopment.nl\/de\/datenschutzerklarung\/"]}]},{"@type":"BreadcrumbList","@id":"https:\/\/carviewxclusive.uwsitedevelopment.nl\/de\/datenschutzerklarung\/#breadcrumb","itemListElement":[{"@type":"ListItem","position":1,"name":"Home","item":"https:\/\/carviewxclusive.uwsitedevelopment.nl\/de\/"},{"@type":"ListItem","position":2,"name":"Datenschutzerkl\u00e4rung"}]},{"@type":"WebSite","@id":"https:\/\/carviewxclusive.uwsitedevelopment.nl\/de\/#website","url":"https:\/\/carviewxclusive.uwsitedevelopment.nl\/de\/","name":"CarviewXclusive","description":"Exceptional cars","potentialAction":[{"@type":"SearchAction","target":{"@type":"EntryPoint","urlTemplate":"https:\/\/carviewxclusive.uwsitedevelopment.nl\/de\/?s={search_term_string}"},"query-input":{"@type":"PropertyValueSpecification","valueRequired":true,"valueName":"search_term_string"}}],"inLanguage":"de"}]}},"_links":{"self":[{"href":"https:\/\/carviewxclusive.uwsitedevelopment.nl\/de\/wp-json\/wp\/v2\/pages\/2101","targetHints":{"allow":["GET"]}}],"collection":[{"href":"https:\/\/carviewxclusive.uwsitedevelopment.nl\/de\/wp-json\/wp\/v2\/pages"}],"about":[{"href":"https:\/\/carviewxclusive.uwsitedevelopment.nl\/de\/wp-json\/wp\/v2\/types\/page"}],"author":[{"embeddable":true,"href":"https:\/\/carviewxclusive.uwsitedevelopment.nl\/de\/wp-json\/wp\/v2\/users\/1"}],"replies":[{"embeddable":true,"href":"https:\/\/carviewxclusive.uwsitedevelopment.nl\/de\/wp-json\/wp\/v2\/comments?post=2101"}],"version-history":[{"count":1,"href":"https:\/\/carviewxclusive.uwsitedevelopment.nl\/de\/wp-json\/wp\/v2\/pages\/2101\/revisions"}],"predecessor-version":[{"id":2105,"href":"https:\/\/carviewxclusive.uwsitedevelopment.nl\/de\/wp-json\/wp\/v2\/pages\/2101\/revisions\/2105"}],"wp:attachment":[{"href":"https:\/\/carviewxclusive.uwsitedevelopment.nl\/de\/wp-json\/wp\/v2\/media?parent=2101"}],"curies":[{"name":"wp","href":"https:\/\/api.w.org\/{rel}","templated":true}]}}